{"id":3182,"date":"2023-03-02T16:33:14","date_gmt":"2023-03-02T16:33:14","guid":{"rendered":"https:\/\/alohaccesorios.com\/?post_type=product&#038;p=3182"},"modified":"2026-02-27T16:26:07","modified_gmt":"2026-02-27T16:26:07","slug":"anillo-esmerilado-de-ranura-media","status":"publish","type":"product","link":"https:\/\/alohaccesorios.com\/?product=anillo-esmerilado-de-ranura-media","title":{"rendered":"Anillo esmerilado de ranura media."},"content":{"rendered":"<ul>\n<li>Dos colores: Negro y plateado<\/li>\n<li>Las medidas refiere al di\u00e1metro interno del anillo, por ejemplo, si desean un talle 19, le enviaremos un anillo size 8, que equivale a un di\u00e1metro interno de 19mm.<\/li>\n<li>Material: Acero quir\u00fargico.<\/li>\n<li>Talle de 16 al 25.<\/li>\n<\/ul>\n<p>&nbsp;<\/p>\n<p>&nbsp;<\/p>\n","protected":false},"excerpt":{"rendered":"<p>Dos colores: Negro y plateado Las medidas refiere al di\u00e1metro interno del anillo, por ejemplo, si desean un talle 19, le enviaremos un anillo size 8, que equivale a un di\u00e1metro interno de 19mm. Material: Acero quir\u00fargico. Talle de 16 al 25. &nbsp; &nbsp;<\/p>\n","protected":false},"featured_media":3155,"template":"","meta":{"site-sidebar-layout":"default","site-content-layout":"default","ast-site-content-layout":"default","site-content-style":"default","site-sidebar-style":"default","ast-global-header-display":"","ast-banner-title-visibility":"","ast-main-header-display":"","ast-hfb-above-header-display":"","ast-hfb-below-header-display":"","ast-hfb-mobile-header-display":"","site-post-title":"","ast-breadcrumbs-content":"","ast-featured-img":"","footer-sml-layout":"","theme-transparent-header-meta":"default","adv-header-id-meta":"","stick-header-meta":"","header-above-stick-meta":"","header-main-stick-meta":"","header-below-stick-meta":"","astra-migrate-meta-layouts":"set","ast-page-background-enabled":"default","ast-page-background-meta":{"desktop":{"background-color":"","background-image":"","background-repeat":"repeat","background-position":"center center","background-size":"auto","background-attachment":"scroll","background-type":"","background-media":"","overlay-type":"","overlay-color":"","overlay-opacity":"","overlay-gradient":""},"tablet":{"background-color":"","background-image":"","background-repeat":"repeat","background-position":"center center","background-size":"auto","background-attachment":"scroll","background-type":"","background-media":"","overlay-type":"","overlay-color":"","overlay-opacity":"","overlay-gradient":""},"mobile":{"background-color":"","background-image":"","background-repeat":"repeat","background-position":"center center","background-size":"auto","background-attachment":"scroll","background-type":"","background-media":"","overlay-type":"","overlay-color":"","overlay-opacity":"","overlay-gradient":""}},"ast-content-background-meta":{"desktop":{"background-color":"var(--ast-global-color-5)","background-image":"","background-repeat":"repeat","background-position":"center center","background-size":"auto","background-attachment":"scroll","background-type":"","background-media":"","overlay-type":"","overlay-color":"","overlay-opacity":"","overlay-gradient":""},"tablet":{"background-color":"var(--ast-global-color-5)","background-image":"","background-repeat":"repeat","background-position":"center center","background-size":"auto","background-attachment":"scroll","background-type":"","background-media":"","overlay-type":"","overlay-color":"","overlay-opacity":"","overlay-gradient":""},"mobile":{"background-color":"var(--ast-global-color-5)","background-image":"","background-repeat":"repeat","background-position":"center center","background-size":"auto","background-attachment":"scroll","background-type":"","background-media":"","overlay-type":"","overlay-color":"","overlay-opacity":"","overlay-gradient":""}}},"product_brand":[],"product_cat":[26],"product_tag":[],"class_list":{"0":"post-3182","1":"product","2":"type-product","3":"status-publish","4":"has-post-thumbnail","6":"product_cat-anillos","7":"desktop-align-left","8":"tablet-align-left","9":"mobile-align-left","11":"first","12":"instock","13":"shipping-taxable","14":"purchasable","15":"product-type-variable","16":"has-default-attributes"},"_links":{"self":[{"href":"https:\/\/alohaccesorios.com\/index.php?rest_route=\/wp\/v2\/product\/3182","targetHints":{"allow":["GET"]}}],"collection":[{"href":"https:\/\/alohaccesorios.com\/index.php?rest_route=\/wp\/v2\/product"}],"about":[{"href":"https:\/\/alohaccesorios.com\/index.php?rest_route=\/wp\/v2\/types\/product"}],"wp:featuredmedia":[{"embeddable":true,"href":"https:\/\/alohaccesorios.com\/index.php?rest_route=\/wp\/v2\/media\/3155"}],"wp:attachment":[{"href":"https:\/\/alohaccesorios.com\/index.php?rest_route=%2Fwp%2Fv2%2Fmedia&parent=3182"}],"wp:term":[{"taxonomy":"product_brand","embeddable":true,"href":"https:\/\/alohaccesorios.com\/index.php?rest_route=%2Fwp%2Fv2%2Fproduct_brand&post=3182"},{"taxonomy":"product_cat","embeddable":true,"href":"https:\/\/alohaccesorios.com\/index.php?rest_route=%2Fwp%2Fv2%2Fproduct_cat&post=3182"},{"taxonomy":"product_tag","embeddable":true,"href":"https:\/\/alohaccesorios.com\/index.php?rest_route=%2Fwp%2Fv2%2Fproduct_tag&post=3182"}],"curies":[{"name":"wp","href":"https:\/\/api.w.org\/{rel}","templated":true}]}}