{"id":5072,"date":"2024-05-13T18:58:20","date_gmt":"2024-05-13T18:58:20","guid":{"rendered":"https:\/\/alohaccesorios.com\/?post_type=product&#038;p=5072"},"modified":"2025-09-04T16:51:51","modified_gmt":"2025-09-04T16:51:51","slug":"pulsera-fina-personalizada-grabado-laser-permanente","status":"publish","type":"product","link":"https:\/\/alohaccesorios.com\/?product=pulsera-fina-personalizada-grabado-laser-permanente","title":{"rendered":"Pulsera Fina Personalizada, Grabado Laser Permanente."},"content":{"rendered":"<p>&#8211; Pulseras personalizadas, grabado laser.<br \/>\n&#8211; Podes elegir nombres, c\u00f3digo Spotify, fechas, iniciales, incluso alg\u00fan s\u00edmbolo o icono.<\/p>\n<p>&#8211; Luego de tu compra nos escrib\u00eds por wapp, y coordinamos el dise\u00f1o.<br \/>\n&#8211; GRABADO LASER PERMANENTE EN ACERO QUIRURGICO.<\/p>\n","protected":false},"excerpt":{"rendered":"<p>&#8211; Pulseras personalizadas, grabado laser. &#8211; Podes elegir nombres, c\u00f3digo Spotify, fechas, iniciales, incluso alg\u00fan s\u00edmbolo o icono. &#8211; Luego de tu compra nos escrib\u00eds por wapp, y coordinamos el dise\u00f1o. &#8211; GRABADO LASER PERMANENTE EN ACERO QUIRURGICO.<\/p>\n","protected":false},"featured_media":5239,"template":"","meta":{"site-sidebar-layout":"default","site-content-layout":"","ast-site-content-layout":"default","site-content-style":"default","site-sidebar-style":"default","ast-global-header-display":"","ast-banner-title-visibility":"","ast-main-header-display":"","ast-hfb-above-header-display":"","ast-hfb-below-header-display":"","ast-hfb-mobile-header-display":"","site-post-title":"","ast-breadcrumbs-content":"","ast-featured-img":"","footer-sml-layout":"","theme-transparent-header-meta":"default","adv-header-id-meta":"","stick-header-meta":"","header-above-stick-meta":"","header-main-stick-meta":"","header-below-stick-meta":"","astra-migrate-meta-layouts":"set","ast-page-background-enabled":"default","ast-page-background-meta":{"desktop":{"background-color":"","background-image":"","background-repeat":"repeat","background-position":"center center","background-size":"auto","background-attachment":"scroll","background-type":"","background-media":"","overlay-type":"","overlay-color":"","overlay-opacity":"","overlay-gradient":""},"tablet":{"background-color":"","background-image":"","background-repeat":"repeat","background-position":"center center","background-size":"auto","background-attachment":"scroll","background-type":"","background-media":"","overlay-type":"","overlay-color":"","overlay-opacity":"","overlay-gradient":""},"mobile":{"background-color":"","background-image":"","background-repeat":"repeat","background-position":"center center","background-size":"auto","background-attachment":"scroll","background-type":"","background-media":"","overlay-type":"","overlay-color":"","overlay-opacity":"","overlay-gradient":""}},"ast-content-background-meta":{"desktop":{"background-color":"var(--ast-global-color-5)","background-image":"","background-repeat":"repeat","background-position":"center center","background-size":"auto","background-attachment":"scroll","background-type":"","background-media":"","overlay-type":"","overlay-color":"","overlay-opacity":"","overlay-gradient":""},"tablet":{"background-color":"var(--ast-global-color-5)","background-image":"","background-repeat":"repeat","background-position":"center center","background-size":"auto","background-attachment":"scroll","background-type":"","background-media":"","overlay-type":"","overlay-color":"","overlay-opacity":"","overlay-gradient":""},"mobile":{"background-color":"var(--ast-global-color-5)","background-image":"","background-repeat":"repeat","background-position":"center center","background-size":"auto","background-attachment":"scroll","background-type":"","background-media":"","overlay-type":"","overlay-color":"","overlay-opacity":"","overlay-gradient":""}}},"product_brand":[],"product_cat":[28,90],"product_tag":[],"class_list":{"0":"post-5072","1":"product","2":"type-product","3":"status-publish","4":"has-post-thumbnail","6":"product_cat-pulseras","7":"product_cat-personalizados","8":"desktop-align-left","9":"tablet-align-left","10":"mobile-align-left","12":"first","13":"instock","14":"shipping-taxable","15":"purchasable","16":"product-type-simple"},"_links":{"self":[{"href":"https:\/\/alohaccesorios.com\/index.php?rest_route=\/wp\/v2\/product\/5072","targetHints":{"allow":["GET"]}}],"collection":[{"href":"https:\/\/alohaccesorios.com\/index.php?rest_route=\/wp\/v2\/product"}],"about":[{"href":"https:\/\/alohaccesorios.com\/index.php?rest_route=\/wp\/v2\/types\/product"}],"wp:featuredmedia":[{"embeddable":true,"href":"https:\/\/alohaccesorios.com\/index.php?rest_route=\/wp\/v2\/media\/5239"}],"wp:attachment":[{"href":"https:\/\/alohaccesorios.com\/index.php?rest_route=%2Fwp%2Fv2%2Fmedia&parent=5072"}],"wp:term":[{"taxonomy":"product_brand","embeddable":true,"href":"https:\/\/alohaccesorios.com\/index.php?rest_route=%2Fwp%2Fv2%2Fproduct_brand&post=5072"},{"taxonomy":"product_cat","embeddable":true,"href":"https:\/\/alohaccesorios.com\/index.php?rest_route=%2Fwp%2Fv2%2Fproduct_cat&post=5072"},{"taxonomy":"product_tag","embeddable":true,"href":"https:\/\/alohaccesorios.com\/index.php?rest_route=%2Fwp%2Fv2%2Fproduct_tag&post=5072"}],"curies":[{"name":"wp","href":"https:\/\/api.w.org\/{rel}","templated":true}]}}