{"id":5784,"date":"2025-09-04T18:45:16","date_gmt":"2025-09-04T18:45:16","guid":{"rendered":"https:\/\/alohaccesorios.com\/?post_type=product&#038;p=5784"},"modified":"2025-09-04T18:45:16","modified_gmt":"2025-09-04T18:45:16","slug":"llavero-x2-forman-corazon-personalizado-grabado-laser","status":"publish","type":"product","link":"https:\/\/alohaccesorios.com\/?product=llavero-x2-forman-corazon-personalizado-grabado-laser","title":{"rendered":"Llavero X2 Forman Coraz\u00f3n Personalizado Grabado Laser"},"content":{"rendered":"<p>Llaveros por 2 forman coraz\u00f3n, medidas en im\u00e1genes.<br \/>\nMaterial acero quir\u00fargico.<br \/>\nEl dise\u00f1o lo eleg\u00eds tu, luego de la compra nos escrib\u00eds por Whatsapp y coordinamos.<\/p>\n","protected":false},"excerpt":{"rendered":"<p>Llaveros por 2 forman coraz\u00f3n, medidas en im\u00e1genes. Material acero quir\u00fargico. El dise\u00f1o lo eleg\u00eds tu, luego de la compra nos escrib\u00eds por Whatsapp y coordinamos.<\/p>\n","protected":false},"featured_media":5785,"template":"","meta":{"site-sidebar-layout":"default","site-content-layout":"","ast-site-content-layout":"default","site-content-style":"default","site-sidebar-style":"default","ast-global-header-display":"","ast-banner-title-visibility":"","ast-main-header-display":"","ast-hfb-above-header-display":"","ast-hfb-below-header-display":"","ast-hfb-mobile-header-display":"","site-post-title":"","ast-breadcrumbs-content":"","ast-featured-img":"","footer-sml-layout":"","theme-transparent-header-meta":"default","adv-header-id-meta":"","stick-header-meta":"","header-above-stick-meta":"","header-main-stick-meta":"","header-below-stick-meta":"","astra-migrate-meta-layouts":"set","ast-page-background-enabled":"default","ast-page-background-meta":{"desktop":{"background-color":"","background-image":"","background-repeat":"repeat","background-position":"center center","background-size":"auto","background-attachment":"scroll","background-type":"","background-media":"","overlay-type":"","overlay-color":"","overlay-opacity":"","overlay-gradient":""},"tablet":{"background-color":"","background-image":"","background-repeat":"repeat","background-position":"center center","background-size":"auto","background-attachment":"scroll","background-type":"","background-media":"","overlay-type":"","overlay-color":"","overlay-opacity":"","overlay-gradient":""},"mobile":{"background-color":"","background-image":"","background-repeat":"repeat","background-position":"center center","background-size":"auto","background-attachment":"scroll","background-type":"","background-media":"","overlay-type":"","overlay-color":"","overlay-opacity":"","overlay-gradient":""}},"ast-content-background-meta":{"desktop":{"background-color":"var(--ast-global-color-5)","background-image":"","background-repeat":"repeat","background-position":"center center","background-size":"auto","background-attachment":"scroll","background-type":"","background-media":"","overlay-type":"","overlay-color":"","overlay-opacity":"","overlay-gradient":""},"tablet":{"background-color":"var(--ast-global-color-5)","background-image":"","background-repeat":"repeat","background-position":"center center","background-size":"auto","background-attachment":"scroll","background-type":"","background-media":"","overlay-type":"","overlay-color":"","overlay-opacity":"","overlay-gradient":""},"mobile":{"background-color":"var(--ast-global-color-5)","background-image":"","background-repeat":"repeat","background-position":"center center","background-size":"auto","background-attachment":"scroll","background-type":"","background-media":"","overlay-type":"","overlay-color":"","overlay-opacity":"","overlay-gradient":""}}},"product_brand":[],"product_cat":[90],"product_tag":[],"class_list":{"0":"post-5784","1":"product","2":"type-product","3":"status-publish","4":"has-post-thumbnail","6":"product_cat-personalizados","7":"desktop-align-left","8":"tablet-align-left","9":"mobile-align-left","11":"first","12":"instock","13":"shipping-taxable","14":"purchasable","15":"product-type-simple"},"_links":{"self":[{"href":"https:\/\/alohaccesorios.com\/index.php?rest_route=\/wp\/v2\/product\/5784","targetHints":{"allow":["GET"]}}],"collection":[{"href":"https:\/\/alohaccesorios.com\/index.php?rest_route=\/wp\/v2\/product"}],"about":[{"href":"https:\/\/alohaccesorios.com\/index.php?rest_route=\/wp\/v2\/types\/product"}],"wp:featuredmedia":[{"embeddable":true,"href":"https:\/\/alohaccesorios.com\/index.php?rest_route=\/wp\/v2\/media\/5785"}],"wp:attachment":[{"href":"https:\/\/alohaccesorios.com\/index.php?rest_route=%2Fwp%2Fv2%2Fmedia&parent=5784"}],"wp:term":[{"taxonomy":"product_brand","embeddable":true,"href":"https:\/\/alohaccesorios.com\/index.php?rest_route=%2Fwp%2Fv2%2Fproduct_brand&post=5784"},{"taxonomy":"product_cat","embeddable":true,"href":"https:\/\/alohaccesorios.com\/index.php?rest_route=%2Fwp%2Fv2%2Fproduct_cat&post=5784"},{"taxonomy":"product_tag","embeddable":true,"href":"https:\/\/alohaccesorios.com\/index.php?rest_route=%2Fwp%2Fv2%2Fproduct_tag&post=5784"}],"curies":[{"name":"wp","href":"https:\/\/api.w.org\/{rel}","templated":true}]}}